{"id":381,"date":"2017-03-11T10:52:01","date_gmt":"2017-03-11T07:52:01","guid":{"rendered":"http:\/\/localhost:8080\/urok\/?page_id=381"},"modified":"2024-06-04T18:02:41","modified_gmt":"2024-06-04T15:02:41","slug":"anasayfa-2","status":"publish","type":"page","link":"https:\/\/drdilekculhaadar.com\/","title":{"rendered":"Ana Sayfa"},"content":{"rendered":"<div class=\"wpb-content-wrapper\"><p>[vc_row full_width=&#8221;stretch_row_content_no_spaces&#8221;][vc_column]<section id=\"videoLocal\" class=\"home bg parallax\" data-background=\"\"><div class=\"bg-mask dark  op4\"><\/div><div class=\"js-height-100\"><div class=\"home-content-above\"><div class=\"home-content-left\"><div class=\"home-block\"><div class=\"container\"><div class=\"row\"><div class=\"col-md-8 col-xs-10\"><div class=\"home-line-2\"><\/div><h1 class=\"home-title-1\"><\/h1><\/div><\/div><\/div><\/div><\/div><\/div><\/div><div class=\"scroll-info\"><\/div><\/section>[\/vc_column][\/vc_row][vc_row gap=&#8221;1&#8243;][vc_column css=&#8221;.vc_custom_1683752461772{margin-right: 1px !important;margin-left: 1px !important;border-right-width: 1px !important;border-left-width: 1px !important;padding-right: 1px !important;padding-left: 1px !important;background-color: #ffffff !important;}&#8221;][vc_empty_space height=&#8221;34px&#8221;][vc_row_inner css=&#8221;.vc_custom_1684000417347{background-color: #a9d4b9 !important;}&#8221;][vc_column_inner][vc_custom_heading topline=&#8221;yes&#8221; text=&#8221;Biorezonans Terapisi&#8221; font_container=&#8221;tag:h1|font_size:23px|text_align:center&#8221; google_fonts=&#8221;font_family:Noto%20Serif%3Aregular%2Citalic%2C700%2C700italic|font_style:700%20bold%20regular%3A700%3Anormal&#8221; css=&#8221;.vc_custom_1684316189356{margin-bottom: 30px !important;}&#8221;][\/vc_column_inner][\/vc_row_inner][vc_empty_space height=&#8221;34px&#8221;]<section class=\"half-section-square\"><div class=\"container\"><div class=\"row relative\"><div class=\"col-md-6 col-md-offset-6 col-no-p\"><div class=\"swiper-1 swiper-hs-square js-hs-height hs-height-i\"><div class=\"swiper-wrapper\"><div class=\"swiper-slide bg\" data-background=\"https:\/\/drdilekculhaadar.com\/wp-content\/uploads\/2023\/05\/2.png\"><a href=\"https:\/\/drdilekculhaadar.com\/wp-content\/uploads\/2023\/05\/2.png\" class=\"mp-gallery-1\" title=\"\"><div class=\"gallery-button right\"><\/div><\/a><\/div><\/div><\/div><\/div><div class=\"triangle \"><\/div><\/div><\/div><div class=\"section-contents\"><div class=\"container section-light\"><div class=\"row hs-height-c\"><div class=\"col-md-4 col-md-offset-1 col-sm-10 col-sm-offset-1 os-animation\" data-os-animation=\"fadeIn\" data-os-animation-delay=\".3\"><div class=\"contents text-right \"><h2 class=\"title half-title\"><\/h2><p><strong>Ger\u00e7ekte madde yoktur.<\/strong><br \/>\n<strong>T\u00fcm madde kayna\u011f\u0131n\u0131 bir atomun par\u00e7ac\u0131\u011f\u0131n\u0131n titre\u015fimine neden olan ve bu k\u00fc\u00e7\u00fck g\u00fcne\u015f sistemini bir arada tutan bir kuvvetten al\u0131r.<\/strong><br \/>\n<strong>Bu g\u00fcc\u00fcn arkas\u0131nda bilin\u00e7li ve ak\u0131ll\u0131 bir zihnin varl\u0131\u011f\u0131n\u0131 varsaymal\u0131y\u0131z.<\/strong><br \/>\n<strong>Bu zihin, t\u00fcm maddenin matrisidir.\u201d (1)<\/strong><br \/>\n<strong>Max Planck<\/strong><\/p><\/div><a href=\"https:\/\/drdilekculhaadar.com\/index.php\/2023\/05\/06\/biorezonans-terapisi-aslinda-nedir\/\" target=\"\" title=\"Yaz\u0131n\u0131n Tamam\u0131n\u0131 Oku\" class=\"link-hs right \">Yaz\u0131n\u0131n Tamam\u0131n\u0131 Oku<\/a><\/div><\/div><\/div><\/div><\/section>[vc_empty_space height=&#8221;34px&#8221;][vc_row_inner css=&#8221;.vc_custom_1683917344190{background-color: #a9d4b9 !important;}&#8221;][vc_column_inner][vc_custom_heading topline=&#8221;yes&#8221; text=&#8221;Kupa Terapisi (Hacamat)&#8221; font_container=&#8221;tag:h1|font_size:23px|text_align:center&#8221; google_fonts=&#8221;font_family:Noto%20Serif%3Aregular%2Citalic%2C700%2C700italic|font_style:700%20bold%20regular%3A700%3Anormal&#8221; css=&#8221;.vc_custom_1684066177976{margin-bottom: 30px !important;}&#8221;][\/vc_column_inner][\/vc_row_inner][vc_empty_space height=&#8221;34px&#8221;]<section class=\"half-section-square\"><div class=\"container\"><div class=\"row relative\"><div class=\"col-md-6 zi1 col-no-p\"><div class=\"swiper-2 swiper-hs-square js-hs-height hs-height-i\"><div class=\"swiper-wrapper\"><div class=\"swiper-slide bg\" data-background=\"https:\/\/drdilekculhaadar.com\/wp-content\/uploads\/2023\/05\/1-2.png\"><a href=\"https:\/\/drdilekculhaadar.com\/wp-content\/uploads\/2023\/05\/1-2.png\" class=\"mp-gallery-1\" title=\"\"><div class=\"gallery-button \"><\/div><\/a><\/div><\/div><\/div><\/div><div class=\"triangle \"><\/div><\/div><\/div><div class=\"section-contents\"><div class=\"container section-light\"><div class=\"row hs-height-c\"><div class=\"col-md-4 col-md-offset-7 col-sm-10 col-sm-offset-1 os-animation\" data-os-animation=\"fadeIn\" data-os-animation-delay=\".3\"><div class=\"contents  \"><h2 class=\"title half-title\"><\/h2><p><strong>Kupa tedavisi (hacamat) k\u00f6keni Eski M\u0131s\u0131r, \u00c7in ve Orta Do\u011fu k\u00fclt\u00fcrlerine dayanan tamamlay\u0131c\u0131 bir tedavi y\u00f6ntemidir. Kupa tedavisinin etkinli\u011fine ili\u015fkin daha s\u0131radan a\u00e7\u0131klama, negatif bas\u0131nc\u0131n \u00f6zellikle bu b\u00f6lgedeki kan dola\u015f\u0131m\u0131n\u0131 te\u015fvik etmesidir. Bu, metabolizmay\u0131 ve lenf ak\u0131\u015f\u0131n\u0131 uyarabilir.<\/strong><\/p><\/div><a href=\"https:\/\/drdilekculhaadar.com\/index.php\/2023\/05\/06\/kupa-terapisi-hacamat\/\" target=\"\" title=\"Yaz\u0131n\u0131n Tamam\u0131n\u0131 Oku\" class=\"link-hs  \">Yaz\u0131n\u0131n Tamam\u0131n\u0131 Oku<\/a><\/div><\/div><\/div><\/div><\/section>[vc_empty_space height=&#8221;64px&#8221;][vc_row_inner css=&#8221;.vc_custom_1683917344190{background-color: #a9d4b9 !important;}&#8221;][vc_column_inner][vc_custom_heading topline=&#8221;yes&#8221; text=&#8221;Ozon Terapisi&#8221; font_container=&#8221;tag:h1|font_size:23px|text_align:center&#8221; google_fonts=&#8221;font_family:Noto%20Serif%3Aregular%2Citalic%2C700%2C700italic|font_style:700%20bold%20regular%3A700%3Anormal&#8221; css=&#8221;.vc_custom_1684066819758{margin-bottom: 30px !important;}&#8221;][\/vc_column_inner][\/vc_row_inner][vc_empty_space height=&#8221;34px&#8221;]<section class=\"half-section-square\"><div class=\"container\"><div class=\"row relative\"><div class=\"col-md-6 col-md-offset-6 col-no-p\"><div class=\"swiper-1 swiper-hs-square js-hs-height hs-height-i\"><div class=\"swiper-wrapper\"><div class=\"swiper-slide bg\" data-background=\"https:\/\/drdilekculhaadar.com\/wp-content\/uploads\/2023\/05\/3.png\"><a href=\"https:\/\/drdilekculhaadar.com\/wp-content\/uploads\/2023\/05\/3.png\" class=\"mp-gallery-1\" title=\"\"><div class=\"gallery-button right\"><\/div><\/a><\/div><\/div><\/div><\/div><div class=\"triangle \"><\/div><\/div><\/div><div class=\"section-contents\"><div class=\"container section-light\"><div class=\"row hs-height-c\"><div class=\"col-md-4 col-md-offset-1 col-sm-10 col-sm-offset-1 os-animation\" data-os-animation=\"fadeIn\" data-os-animation-delay=\".3\"><div class=\"contents text-right \"><h2 class=\"title half-title\"><\/h2><p><strong>Ozon \u00fc\u00e7 de\u011ferlikli oksijen O3\u2019t\u00fcr. S\u00f6zc\u00fck Yunanca&#8217;dan gelir ve \u201cOzein\u201d = koklamak kelimesinden t\u00fcremi\u015ftir.<\/strong><br \/>\n<strong>Ozon kelimesini duydu\u011fumuzda, akl\u0131m\u0131za hemen d\u00fcnyay\u0131 \u00e7evreleyen ve cilde zarar veren (cilt kanseri) UV radyasyonundan bizi koruyan koruyucu ozon tabakas\u0131 gelir. H\u00e2lbuki O3, oksijenin yo\u011fun kokulu, y\u00fcksek enerjili ve aktive edilmi\u015f \u00e7e\u015fididir.<\/strong><\/p><\/div><a href=\"https:\/\/drdilekculhaadar.com\/index.php\/2023\/05\/06\/ozon-tedavisi\/\" target=\"\" title=\"Yaz\u0131n\u0131n Tamam\u0131n\u0131 Oku\" class=\"link-hs right \">Yaz\u0131n\u0131n Tamam\u0131n\u0131 Oku<\/a><\/div><\/div><\/div><\/div><\/section>[vc_empty_space height=&#8221;64px&#8221;][vc_row_inner css=&#8221;.vc_custom_1683917344190{background-color: #a9d4b9 !important;}&#8221;][vc_column_inner][vc_custom_heading topline=&#8221;yes&#8221; text=&#8221;N\u00f6ral Terapi&#8221; font_container=&#8221;tag:h1|font_size:23px|text_align:center&#8221; google_fonts=&#8221;font_family:Noto%20Serif%3Aregular%2Citalic%2C700%2C700italic|font_style:700%20bold%20regular%3A700%3Anormal&#8221; css=&#8221;.vc_custom_1684233241242{margin-bottom: 30px !important;}&#8221;][\/vc_column_inner][\/vc_row_inner][vc_empty_space height=&#8221;34px&#8221;]<section class=\"half-section-square\"><div class=\"container\"><div class=\"row relative\"><div class=\"col-md-6 zi1 col-no-p\"><div class=\"swiper-2 swiper-hs-square js-hs-height hs-height-i\"><div class=\"swiper-wrapper\"><div class=\"swiper-slide bg\" data-background=\"https:\/\/drdilekculhaadar.com\/wp-content\/uploads\/2023\/05\/4.png\"><a href=\"https:\/\/drdilekculhaadar.com\/wp-content\/uploads\/2023\/05\/4.png\" class=\"mp-gallery-1\" title=\"\"><div class=\"gallery-button \"><\/div><\/a><\/div><\/div><\/div><\/div><div class=\"triangle \"><\/div><\/div><\/div><div class=\"section-contents\"><div class=\"container section-light\"><div class=\"row hs-height-c\"><div class=\"col-md-4 col-md-offset-7 col-sm-10 col-sm-offset-1 os-animation\" data-os-animation=\"fadeIn\" data-os-animation-delay=\".3\"><div class=\"contents  \"><h2 class=\"title half-title\"><\/h2><p><strong>N\u00f6ral terapi terimi, hastal\u0131klar\u0131n veya hastal\u0131k semptomlar\u0131n\u0131n sinirler yoluyla tedavisini ifade eder. Bu, prokain veya lidokain gibi bir lokal anestezik kullan\u0131larak, a\u011fr\u0131y\u0131, organik bozukluklar\u0131 ve kronik iltihab\u0131 tedavi eder.<\/strong><\/p><\/div><a href=\"https:\/\/drdilekculhaadar.com\/index.php\/2023\/05\/06\/noral-terapi\/\" target=\"\" title=\"Yaz\u0131n\u0131n Tamam\u0131n\u0131 Oku\" class=\"link-hs  \">Yaz\u0131n\u0131n Tamam\u0131n\u0131 Oku<\/a><\/div><\/div><\/div><\/div><\/section>[vc_empty_space height=&#8221;64px&#8221;][vc_row_inner css=&#8221;.vc_custom_1683917344190{background-color: #a9d4b9 !important;}&#8221;][vc_column_inner][vc_custom_heading topline=&#8221;yes&#8221; text=&#8221;\u0130ntraven\u00f6z \u0130nf\u00fczyon Tedavisi&#8221; font_container=&#8221;tag:h1|font_size:23px|text_align:center&#8221; google_fonts=&#8221;font_family:Noto%20Serif%3Aregular%2Citalic%2C700%2C700italic|font_style:700%20bold%20regular%3A700%3Anormal&#8221; css=&#8221;.vc_custom_1684234294725{margin-bottom: 30px !important;}&#8221;][\/vc_column_inner][\/vc_row_inner][vc_empty_space height=&#8221;34px&#8221;]<section class=\"half-section-square\"><div class=\"container\"><div class=\"row relative\"><div class=\"col-md-6 col-md-offset-6 col-no-p\"><div class=\"swiper-5 swiper-hs-square js-hs-height hs-height-i\"><div class=\"swiper-wrapper\"><div class=\"swiper-slide bg\" data-background=\"https:\/\/drdilekculhaadar.com\/wp-content\/uploads\/2023\/05\/5.png\"><a href=\"https:\/\/drdilekculhaadar.com\/wp-content\/uploads\/2023\/05\/5.png\" class=\"mp-gallery-1\" title=\"\"><div class=\"gallery-button right\"><\/div><\/a><\/div><\/div><\/div><\/div><div class=\"triangle \"><\/div><\/div><\/div><div class=\"section-contents\"><div class=\"container section-light\"><div class=\"row hs-height-c\"><div class=\"col-md-4 col-md-offset-1 col-sm-10 col-sm-offset-1 os-animation\" data-os-animation=\"fadeIn\" data-os-animation-delay=\".3\"><div class=\"contents text-right \"><h2 class=\"title half-title\"><\/h2><p><strong>\u0130ntraven\u00f6z inf\u00fczyon tedavisi, mikro besinlerin bir damar yoluyla v\u00fccuda verilmesidir. Bu teknik, parenteral absorpsiyon sayesinde (mide ve ba\u011f\u0131rsaklar\u0131 dolayl\u0131 olarak ge\u00e7erek), mikro besinlerin ihtiya\u00e7 duyulan yere do\u011frudan ula\u015ft\u0131r\u0131lmas\u0131 avantaj\u0131na sahiptir.<\/strong><\/p><\/div><a href=\"https:\/\/drdilekculhaadar.com\/index.php\/2023\/05\/06\/intravenoz-infuzyon-tedavisi\/\" target=\"\" title=\"Yaz\u0131n\u0131n Tamam\u0131n\u0131 Oku\" class=\"link-hs right \">Yaz\u0131n\u0131n Tamam\u0131n\u0131 Oku<\/a><\/div><\/div><\/div><\/div><\/section>[vc_empty_space height=&#8221;64px&#8221;][vc_row_inner css=&#8221;.vc_custom_1683917344190{background-color: #a9d4b9 !important;}&#8221;][vc_column_inner][vc_custom_heading topline=&#8221;yes&#8221; text=&#8221;Akupunktur&#8221; font_container=&#8221;tag:h1|font_size:23px|text_align:center&#8221; google_fonts=&#8221;font_family:Noto%20Serif%3Aregular%2Citalic%2C700%2C700italic|font_style:700%20bold%20regular%3A700%3Anormal&#8221; css=&#8221;.vc_custom_1684066870892{margin-bottom: 30px !important;}&#8221;][\/vc_column_inner][\/vc_row_inner][vc_empty_space height=&#8221;34px&#8221;]<section class=\"half-section-square\"><div class=\"container\"><div class=\"row relative\"><div class=\"col-md-6 zi1 col-no-p\"><div class=\"swiper-6 swiper-hs-square js-hs-height hs-height-i\"><div class=\"swiper-wrapper\"><div class=\"swiper-slide bg\" data-background=\"https:\/\/drdilekculhaadar.com\/wp-content\/uploads\/2023\/05\/55.png\"><a href=\"https:\/\/drdilekculhaadar.com\/wp-content\/uploads\/2023\/05\/55.png\" class=\"mp-gallery-1\" title=\"\"><div class=\"gallery-button \"><\/div><\/a><\/div><\/div><\/div><\/div><div class=\"triangle \"><\/div><\/div><\/div><div class=\"section-contents\"><div class=\"container section-light\"><div class=\"row hs-height-c\"><div class=\"col-md-4 col-md-offset-7 col-sm-10 col-sm-offset-1 os-animation\" data-os-animation=\"fadeIn\" data-os-animation-delay=\".3\"><div class=\"contents  \"><h2 class=\"title half-title\"><\/h2><p><strong>Akupunktur, v\u00fccuttaki belirli noktalara ince i\u011fneler bat\u0131r\u0131larak terap\u00f6tik bir etkinin elde edildi\u011fi geleneksel bir \u00c7in t\u0131bb\u0131 (TCM) tedavi y\u00f6ntemidir.<\/strong><br \/>\n<strong>\u00c7in\u2019de binlerce y\u0131ld\u0131r uygulanan geleneksel akupunktur \u015fekli, meridyenler olarak da bilinen tan\u0131mlanm\u0131\u015f yollarda dola\u015fan ve t\u00fcm v\u00fccut \u00fczerinde kontrol edici bir etkiye sahip olan \u201cv\u00fccudun ya\u015fam enerjisine\u201d (Qi) dayanmaktad\u0131r.<\/strong><br \/>\n<strong>Bedensel fonksiyonlar\u0131 bozulmu\u015f bir enerji ak\u0131\u015f\u0131 hastal\u0131klara neden olabilir.<\/strong><\/p><\/div><a href=\"https:\/\/drdilekculhaadar.com\/index.php\/2023\/05\/06\/akupuntur\/\" target=\"\" title=\"Yaz\u0131n\u0131n Tamam\u0131n\u0131 Oku\" class=\"link-hs  \">Yaz\u0131n\u0131n Tamam\u0131n\u0131 Oku<\/a><\/div><\/div><\/div><\/div><\/section>[vc_empty_space height=&#8221;64px&#8221;][\/vc_column][\/vc_row][vc_row css=&#8221;.vc_custom_1489510300979{padding-top: 120px !important;}&#8221;][vc_column width=&#8221;3\/4&#8243;]<h2 class=\"section-title\" style=\"color:#000000;\">Dr Dilek \u00c7ulha Adar<\/h2><h3 class=\"section-subtitle\" style=\"color:#000000;\"><\/h3>[\/vc_column][\/vc_row][vc_row equal_height=&#8221;yes&#8221; css=&#8221;.vc_custom_1684439299238{margin-top: 40px !important;padding-bottom: 120px !important;}&#8221;][vc_column offset=&#8221;vc_col-lg-8 vc_col-md-8&#8243;][vc_column_text]<\/p>\n<p style=\"font-size: 15px;\"><span style=\"color: #000000;\">\u201cRuhlar\u0131n\u0131z bedenleriniz, bedenleriniz ruhlar\u0131n\u0131zd\u0131r.\u201d<\/span><\/p>\n<p><span style=\"color: #000000;\">\u0130nsan kendini aramaya ba\u015flad\u0131\u011f\u0131nda sonsuz s\u0131n\u0131rs\u0131z bir okyanusla kar\u015f\u0131la\u015f\u0131yor. Anlat\u0131lan\u0131n \u00e7ok d\u0131\u015f\u0131nda ba\u015fka bir \u00f6\u011freti oldu\u011funu fark etti\u011finde, o ana kadar olan \u00f6\u011frendi\u011finiz her \u015feyi sorgulamaya ba\u015flar.<\/span><\/p>\n<p style=\"font-size: 15px;\"><span style=\"color: #000000;\">Dr. Dilek \u00c7ulha Adar t\u0131p e\u011fitimi ald\u0131\u011f\u0131 d\u00f6nemde t\u0131bbi yakla\u015f\u0131m\u0131n b\u00f6lgesel tedaviler yerine b\u00fct\u00fcnc\u00fcl bir bak\u0131\u015f a\u00e7\u0131s\u0131yla olmas\u0131 gerekti\u011fini fark eder. Bu, tedavi ve \u015fifa anlay\u0131\u015f\u0131na b\u00fct\u00fcnsel olarak bakmas\u0131n\u0131 sa\u011flar.<\/span><\/p>\n<p style=\"font-size: 15px;\"><span style=\"color: #000000;\">Medizinische Hochschule Hannover\u2019da t\u0131p e\u011fitimini tamamlayan Dr. Dilek \u00c7ulha Adar, i\u00e7 hastal\u0131klar\u0131 konusunda Klinikum Freising\u2019te (Akademik e\u011fitim hastanesi: M\u00fcnih Teknik \u00dcniversitesi) asistanl\u0131k yapt\u0131\u011f\u0131 d\u00f6nemde b\u00fct\u00fcnc\u00fcl t\u0131bb\u0131n \u00f6nemini daha derinden kavrar ve do\u011fal tedavi y\u00f6ntemleri ve alternatif t\u0131p ile bu d\u00f6nemde kar\u015f\u0131la\u015f\u0131r.<\/span><\/p>\n<p style=\"font-size: 15px;\"><span style=\"color: #000000;\">Modern t\u0131bb\u0131n yetersiz kald\u0131\u011f\u0131 kronik hastal\u0131klar\u0131n tedavisi i\u00e7in \u00e7\u00f6z\u00fcm yolu ararken, M\u00fcnih\u2019te Nat\u00fcropat Baklayan ile tan\u0131\u015f\u0131r ve frekans terapisi yani Biorezonans uygulamalar\u0131 e\u011fitimi al\u0131r.<\/span><\/p>\n<p style=\"font-size: 15px;\"><span style=\"color: #000000;\">Aray\u0131\u015f\u0131 devam ederken koruyucu ve b\u00fct\u00fcnle\u015ftirici t\u0131p y\u00f6ntemleri hakk\u0131nda Almanya&#8217;n\u0131n Bad W\u00f6rishofen \u015fehrinde hekimlere y\u00f6nelik olarak verilen Kneipp \u00c4rztegesellschaft f\u00fcr Pr\u00e4ventionsmedizin und klassische Naturheilverfahren, Kneipp\u00e4rztebund e.V. e\u011fitimini al\u0131r.<\/span><\/p>\n<p style=\"font-size: 15px;\"><span style=\"color: #000000;\">B\u00fct\u00fcnc\u00fcl t\u0131bb\u0131n t\u00fcm v\u00fccudu kapsamas\u0131 esas\u0131ndan hareketle, t\u0131bbi uygulamalar\u0131n da b\u00fct\u00fcn\u00fc kapsamas\u0131 gerekti\u011fi do\u011frultusunda ve hastalara ana fikirden uzakla\u015fmadan farkl\u0131 b\u00fct\u00fcnc\u00fcl tedaviler uygulayabilmek i\u00e7in Almanya\u2019da akupunktur, n\u00f6ral terapi, fitoterapi, Hidro -Balneo-, klimaterapi ve beslenme e\u011fitimlerini tamamlar.<\/span><\/p>\n<p style=\"font-size: 15px;\"><span style=\"color: #000000;\">T\u00fcrkiye\u2019de ise Sa\u011fl\u0131k Bakanl\u0131\u011f\u0131\u2019n\u0131n t\u0131p hekimleri i\u00e7in a\u00e7m\u0131\u015f oldu\u011fu lisans program\u0131 dahilinde akupunktur, ozon, kupa tedavi e\u011fitimlerini tamamlam\u0131\u015ft\u0131r.<\/span><\/p>\n<p style=\"font-size: 15px;\"><span style=\"color: #000000;\">Dr. Dilek \u00c7ulha Adar tedavilerine \u00f6zel klini\u011finde devam etmektedir.<\/span><\/p>\n<p>[\/vc_column_text][vc_empty_space height=&#8221;40px&#8221;][\/vc_column][vc_column offset=&#8221;vc_col-lg-4 vc_col-md-4&#8243;]<div class=\"klb-text-widget bg bg-img os-animation\" data-background=\"https:\/\/drdilekculhaadar.com\/wp-content\/uploads\/2023\/05\/photo_2023-05-07_11-55-36.jpg\" data-os-animation=\"flipInY\" data-os-animation-delay=\".3s\"><div class=\"textwidget-wrap-5 js-height-set\"><div class=\"textwidget-block-5\"><div class=\"textwidget-text-5 white\"><h3><strong class=\"white\"><\/strong><\/h3><p class=\"mb0 white\"><em><\/em><\/p><\/div><\/div><\/div><\/div>[\/vc_column][\/vc_row][vc_row full_width=&#8221;stretch_row_content_no_spaces&#8221; equal_height=&#8221;yes&#8221;][vc_column offset=&#8221;vc_col-lg-6 vc_col-md-6&#8243;][vc_raw_html]JTNDaWZyYW1lJTIwc3JjJTNEJTIyaHR0cHMlM0ElMkYlMkZ3d3cuZ29vZ2xlLmNvbSUyRm1hcHMlMkZlbWJlZCUzRnBiJTNEJTIxMW0xNCUyMTFtOCUyMTFtMyUyMTFkMTEzNzQuNDQ4MDgxMDU4MDg2JTIxMmQyOS4wODgxODQyNTI5OTQ3OCUyMTNkNDAuOTY2MTA1MDQwOTEzODYlMjEzbTIlMjExaTEwMjQlMjEyaTc2OCUyMTRmMTMuMSUyMTNtMyUyMTFtMiUyMTFzMHgxNGNhYzczNGEzYjE0ZjRkJTI1M0EweDc5NmY5Zjc0N2UzODI4ZjIlMjEyc0RyLiUyNTIwRGlsZWslMjUyMCUyNUMzJTI1ODd1bGhhJTI1MjBBZGFyJTIxNWUwJTIxM20yJTIxMXN0ciUyMTJzdHIlMjE0djE2ODQ0Mzc0OTc2MTklMjE1bTIlMjExc3RyJTIxMnN0ciUyMiUyMHdpZHRoJTNEJTIyMTAwJTI1JTIyJTIwaGVpZ2h0JTNEJTIyNjAwUFglMjIlMjBzdHlsZSUzRCUyMmJvcmRlciUzQTAlM0IlMjIlMjBhbGxvd2Z1bGxzY3JlZW4lM0QlMjIlMjIlMjBsb2FkaW5nJTNEJTIybGF6eSUyMiUyMHJlZmVycmVycG9saWN5JTNEJTIybm8tcmVmZXJyZXItd2hlbi1kb3duZ3JhZGUlMjIlM0UlM0MlMkZpZnJhbWUlM0U=[\/vc_raw_html][\/vc_column][vc_column offset=&#8221;vc_col-lg-3 vc_col-md-3&#8243; css=&#8221;.vc_custom_1489220303557{padding-top: 80px !important;padding-right: 15px !important;padding-bottom: 80px !important;padding-left: 15px !important;background-color: #f5f7f7 !important;}&#8221;][vc_row_inner][vc_column_inner offset=&#8221;vc_col-lg-offset-1 vc_col-lg-10 vc_col-md-offset-1 vc_col-md-10&#8243;]<h2 class=\"section-title\" style=\"color:#737d80;\">\u0130leti\u015fim<\/h2><p class=\"mt40\" style=\"color:#737d80;\"><\/p><address><i class=\"icon fas fa-mobile-alt\"><\/i><i class=\"pipe\"><\/i>Telefon : 0531 529 53 00\n<br><i class=\"icon fas fa-map-marker-alt\"><\/i><i class=\"pipe\"><\/i>Adres : Suadiye Mahallesi Ay\u015fe \u00c7avu\u015f Caddesi\nNo :48 Kat:2 Daire:8\nKad\u0131k\u00f6y\/\u0130STANBUL<br><i class=\"icon far fa-envelope\"><\/i><i class=\"pipe\"><\/i>E-Mail : drdilekculhaadar@gmail.com<br><\/address>[\/vc_column_inner][\/vc_row_inner][\/vc_column][vc_column offset=&#8221;vc_col-lg-3 vc_col-md-3&#8243; klb_responsive=&#8221;.vc_custom_1489224290453{background-color: #737d80 !important;}&#8221; css=&#8221;.vc_custom_1489224290451{padding-top: 80px !important;padding-right: 15px !important;padding-bottom: 80px !important;padding-left: 15px !important;background-color: #737d80 !important;}&#8221;][vc_row_inner][vc_column_inner offset=&#8221;vc_col-lg-offset-1 vc_col-lg-10 vc_col-md-offset-1 vc_col-md-10&#8243; css=&#8221;.vc_custom_1489149109978{margin-bottom: 40px !important;}&#8221;]<h2 class=\"section-title\" style=\"color:#ffffff;\">\u0130leti\u015fim<\/h2><h3 class=\"section-subtitle\" style=\"color:#ffffff;\"><\/h3>[\/vc_column_inner][vc_column_inner offset=&#8221;vc_col-lg-offset-1 vc_col-lg-10 vc_col-md-offset-1 vc_col-md-10&#8243;]\n<div class=\"wpcf7 no-js\" id=\"wpcf7-f363-o1\" lang=\"en-US\" dir=\"ltr\">\n<div class=\"screen-reader-response\"><p role=\"status\" aria-live=\"polite\" aria-atomic=\"true\"><\/p> <ul><\/ul><\/div>\n<form action=\"\/index.php\/wp-json\/wp\/v2\/pages\/381#wpcf7-f363-o1\" method=\"post\" class=\"wpcf7-form init\" aria-label=\"Contact form\" novalidate=\"novalidate\" data-status=\"init\">\n<div style=\"display: none;\">\n<input type=\"hidden\" name=\"_wpcf7\" value=\"363\" \/>\n<input type=\"hidden\" name=\"_wpcf7_version\" value=\"5.9.4\" \/>\n<input type=\"hidden\" name=\"_wpcf7_locale\" value=\"en_US\" \/>\n<input type=\"hidden\" name=\"_wpcf7_unit_tag\" value=\"wpcf7-f363-o1\" \/>\n<input type=\"hidden\" name=\"_wpcf7_container_post\" value=\"0\" \/>\n<input type=\"hidden\" name=\"_wpcf7_posted_data_hash\" value=\"\" \/>\n<\/div>\n<p><span class=\"wpcf7-form-control-wrap\" data-name=\"your-name\"><input size=\"40\" class=\"wpcf7-form-control wpcf7-text wpcf7-validates-as-required\" aria-required=\"true\" aria-invalid=\"false\" placeholder=\"Ad\u0131 Soyad\u0131\" value=\"\" type=\"text\" name=\"your-name\" \/><\/span>\n<\/p>\n<p><span class=\"wpcf7-form-control-wrap\" data-name=\"your-email\"><input size=\"40\" class=\"wpcf7-form-control wpcf7-email wpcf7-validates-as-required wpcf7-text wpcf7-validates-as-email\" aria-required=\"true\" aria-invalid=\"false\" placeholder=\"E-Posta\" value=\"\" type=\"email\" name=\"your-email\" \/><\/span>\n<\/p>\n<p><span class=\"wpcf7-form-control-wrap\" data-name=\"your-message\"><textarea cols=\"40\" rows=\"10\" class=\"wpcf7-form-control wpcf7-textarea\" aria-invalid=\"false\" placeholder=\"Mesaj\" name=\"your-message\"><\/textarea><\/span>\n<\/p>\n<p><input class=\"wpcf7-form-control wpcf7-submit has-spinner\" type=\"submit\" value=\"G\u00f6nder\" \/>\n<\/p><div class=\"wpcf7-response-output\" aria-hidden=\"true\"><\/div>\n<\/form>\n<\/div>\n[\/vc_column_inner][\/vc_row_inner][\/vc_column][\/vc_row][vc_row][vc_column][\/vc_column][\/vc_row]<\/p>\n<\/div>","protected":false},"excerpt":{"rendered":"<p>[vc_row full_width=&#8221;stretch_row_content_no_spaces&#8221;][vc_column][\/vc_column][\/vc_row][vc_row gap=&#8221;1&#8243;][vc_column css=&#8221;.vc_custom_1683752461772{margin-right: 1px !important;margin-left: 1px !important;border-right-width: 1px !important;border-left-width: 1px !important;padding-right: 1px !important;padding-left: 1px !important;background-color: #ffffff !important;}&#8221;][vc_empty_space height=&#8221;34px&#8221;][vc_row_inner css=&#8221;.vc_custom_1684000417347{background-color: #a9d4b9 !important;}&#8221;][vc_column_inner][vc_custom_heading topline=&#8221;yes&#8221; text=&#8221;Biorezonans Terapisi&#8221; font_container=&#8221;tag:h1|font_size:23px|text_align:center&#8221; google_fonts=&#8221;font_family:Noto%20Serif%3Aregular%2Citalic%2C700%2C700italic|font_style:700%20bold%20regular%3A700%3Anormal&#8221; css=&#8221;.vc_custom_1684316189356{margin-bottom: 30px !important;}&#8221;][\/vc_column_inner][\/vc_row_inner][vc_empty_space height=&#8221;34px&#8221;][vc_empty_space height=&#8221;34px&#8221;][vc_row_inner css=&#8221;.vc_custom_1683917344190{background-color: #a9d4b9 !important;}&#8221;][vc_column_inner][vc_custom_heading topline=&#8221;yes&#8221; text=&#8221;Kupa Terapisi (Hacamat)&#8221; font_container=&#8221;tag:h1|font_size:23px|text_align:center&#8221; google_fonts=&#8221;font_family:Noto%20Serif%3Aregular%2Citalic%2C700%2C700italic|font_style:700%20bold%20regular%3A700%3Anormal&#8221; css=&#8221;.vc_custom_1684066177976{margin-bottom: 30px !important;}&#8221;][\/vc_column_inner][\/vc_row_inner][vc_empty_space height=&#8221;34px&#8221;][vc_empty_space height=&#8221;64px&#8221;][vc_row_inner css=&#8221;.vc_custom_1683917344190{background-color: #a9d4b9 !important;}&#8221;][vc_column_inner][vc_custom_heading topline=&#8221;yes&#8221; text=&#8221;Ozon Terapisi&#8221; font_container=&#8221;tag:h1|font_size:23px|text_align:center&#8221; google_fonts=&#8221;font_family:Noto%20Serif%3Aregular%2Citalic%2C700%2C700italic|font_style:700%20bold%20regular%3A700%3Anormal&#8221; css=&#8221;.vc_custom_1684066819758{margin-bottom:<\/p>\n<div class=\"text-left\"><a class=\"btn btn-main btn-lg\" href=\"https:\/\/drdilekculhaadar.com\/\" >READ MORE<\/a><\/div>\n","protected":false},"author":1,"featured_media":0,"parent":0,"menu_order":0,"comment_status":"closed","ping_status":"closed","template":"","meta":{"footnotes":""},"class_list":["post-381","page","type-page","status-publish","hentry","blog-item"],"_links":{"self":[{"href":"https:\/\/drdilekculhaadar.com\/index.php\/wp-json\/wp\/v2\/pages\/381","targetHints":{"allow":["GET"]}}],"collection":[{"href":"https:\/\/drdilekculhaadar.com\/index.php\/wp-json\/wp\/v2\/pages"}],"about":[{"href":"https:\/\/drdilekculhaadar.com\/index.php\/wp-json\/wp\/v2\/types\/page"}],"author":[{"embeddable":true,"href":"https:\/\/drdilekculhaadar.com\/index.php\/wp-json\/wp\/v2\/users\/1"}],"replies":[{"embeddable":true,"href":"https:\/\/drdilekculhaadar.com\/index.php\/wp-json\/wp\/v2\/comments?post=381"}],"version-history":[{"count":189,"href":"https:\/\/drdilekculhaadar.com\/index.php\/wp-json\/wp\/v2\/pages\/381\/revisions"}],"predecessor-version":[{"id":3643,"href":"https:\/\/drdilekculhaadar.com\/index.php\/wp-json\/wp\/v2\/pages\/381\/revisions\/3643"}],"wp:attachment":[{"href":"https:\/\/drdilekculhaadar.com\/index.php\/wp-json\/wp\/v2\/media?parent=381"}],"curies":[{"name":"wp","href":"https:\/\/api.w.org\/{rel}","templated":true}]}}