{"id":988,"date":"2017-03-25T09:11:07","date_gmt":"2017-03-25T06:11:07","guid":{"rendered":"http:\/\/localhost:8080\/urok\/?page_id=988"},"modified":"2023-10-10T15:29:19","modified_gmt":"2023-10-10T12:29:19","slug":"iletisim","status":"publish","type":"page","link":"https:\/\/drdilekculhaadar.com\/index.php\/iletisim\/","title":{"rendered":"\u0130leti\u015fim"},"content":{"rendered":"<div class=\"wpb-content-wrapper\"><p>[vc_row full_width=&#8221;stretch_row_content_no_spaces&#8221;][vc_column]<div id=\"breadcrumbs-wrap\" class=\"Fixed\"><div class=\"container\"><div class=\"row\"><div class=\"col-xs-12\"><div class=\"breadcrumbs white\" style=\"color: !important;\"><a href=\"https:\/\/drdilekculhaadar.com\" title=\"Home\" rel=\"bookmark\">Home<\/a>&nbsp;|&nbsp;<\/div><\/div><\/div><\/div><\/div><section  class=\"home bg mask dark  op2 parallax\" data-background=\"https:\/\/drdilekculhaadar.com\/wp-content\/uploads\/2023\/05\/Adsiz-tasarim-44.png\"><div class=\"js-height-100\"><div class=\"head-title-wrap-bottom\"><div class=\"container\"><div class=\"row\"><div class=\"col-md-8 col-md-offset-4 col-xs-10 col-xs-offset-2\"><div class=\"head-subtitle-1 white\" style=\"color: !important;\"><\/div><h1 class=\"head-title-1 white\" style=\"color: !important;\"><\/h1><\/div><\/div><\/div><\/div><\/div><\/section>[\/vc_column][\/vc_row][vc_row css=&#8221;.vc_custom_1489671841861{padding-top: 120px !important;padding-bottom: 120px !important;}&#8221;][vc_column width=&#8221;1\/3&#8243;]<h2 class=\"section-title\" style=\"color:#737d80;\">\u0130leti\u015fim<\/h2><p class=\"mt40\" style=\"color:#737d80;\"><\/p><address><i class=\"icon fas fa-map-marker-alt\"><\/i><i class=\"pipe\"><\/i>Adres : Suadiye Mahallesi Ay\u015fe \u00c7avu\u015f Caddesi No:48 Kat:2 Daire:8 Kad\u0131k\u00f6y\/\u0130STANBUL<br><i class=\"icon fas fa-mobile-alt\"><\/i><i class=\"pipe\"><\/i>Telefon : 0531 529 53 00<br><i class=\"icon far fa-envelope\"><\/i><i class=\"pipe\"><\/i>E-Mail : drdilekculhaadar@gmail.com<br><i class=\"icon fab fa-instagram\"><\/i><i class=\"pipe\"><\/i>\u0130nstagram : drdilekculhaadar\n<br><i class=\"icon fab fa-facebook-square\"><\/i><i class=\"pipe\"><\/i>Facebook : Dr dilek \u00c7ulha Adar<br><\/address>[\/vc_column][vc_column width=&#8221;2\/3&#8243; offset=&#8221;vc_col-lg-offset-1 vc_col-lg-7 vc_col-md-offset-1 vc_col-md-7&#8243;][vc_row_inner][vc_column_inner css=&#8221;.vc_custom_1489671782877{margin-bottom: 40px !important;}&#8221;]<h2 class=\"section-title\" style=\"color:#737d80;\">Bizimle \u0130leti\u015fime Ge\u00e7in<\/h2><h3 class=\"section-subtitle\" style=\"color:#737d80;\"><\/h3>[\/vc_column_inner][\/vc_row_inner]\n<div class=\"wpcf7 no-js\" id=\"wpcf7-f363-o1\" lang=\"en-US\" dir=\"ltr\">\n<div class=\"screen-reader-response\"><p role=\"status\" aria-live=\"polite\" aria-atomic=\"true\"><\/p> <ul><\/ul><\/div>\n<form action=\"\/index.php\/wp-json\/wp\/v2\/pages\/988#wpcf7-f363-o1\" method=\"post\" class=\"wpcf7-form init\" id=\"type2\" aria-label=\"Contact form\" novalidate=\"novalidate\" data-status=\"init\">\n<div style=\"display: none;\">\n<input type=\"hidden\" name=\"_wpcf7\" value=\"363\" \/>\n<input type=\"hidden\" name=\"_wpcf7_version\" value=\"5.9.4\" \/>\n<input type=\"hidden\" name=\"_wpcf7_locale\" value=\"en_US\" \/>\n<input type=\"hidden\" name=\"_wpcf7_unit_tag\" value=\"wpcf7-f363-o1\" \/>\n<input type=\"hidden\" name=\"_wpcf7_container_post\" value=\"0\" \/>\n<input type=\"hidden\" name=\"_wpcf7_posted_data_hash\" value=\"\" \/>\n<\/div>\n<p><span class=\"wpcf7-form-control-wrap\" data-name=\"your-name\"><input size=\"40\" class=\"wpcf7-form-control wpcf7-text wpcf7-validates-as-required\" aria-required=\"true\" aria-invalid=\"false\" placeholder=\"Ad\u0131 Soyad\u0131\" value=\"\" type=\"text\" name=\"your-name\" \/><\/span>\n<\/p>\n<p><span class=\"wpcf7-form-control-wrap\" data-name=\"your-email\"><input size=\"40\" class=\"wpcf7-form-control wpcf7-email wpcf7-validates-as-required wpcf7-text wpcf7-validates-as-email\" aria-required=\"true\" aria-invalid=\"false\" placeholder=\"E-Posta\" value=\"\" type=\"email\" name=\"your-email\" \/><\/span>\n<\/p>\n<p><span class=\"wpcf7-form-control-wrap\" data-name=\"your-message\"><textarea cols=\"40\" rows=\"10\" class=\"wpcf7-form-control wpcf7-textarea\" aria-invalid=\"false\" placeholder=\"Mesaj\" name=\"your-message\"><\/textarea><\/span>\n<\/p>\n<p><input class=\"wpcf7-form-control wpcf7-submit has-spinner\" type=\"submit\" value=\"G\u00f6nder\" \/>\n<\/p><div class=\"wpcf7-response-output\" aria-hidden=\"true\"><\/div>\n<\/form>\n<\/div>\n[\/vc_column][\/vc_row][vc_row full_width=&#8221;stretch_row_content_no_spaces&#8221;][vc_column][vc_raw_html]JTNDaWZyYW1lJTIwc3JjJTNEJTIyaHR0cHMlM0ElMkYlMkZ3d3cuZ29vZ2xlLmNvbSUyRm1hcHMlMkZlbWJlZCUzRnBiJTNEJTIxMW0xNCUyMTFtOCUyMTFtMyUyMTFkMTEzNzQuNDQ4MDgxMDU4MDg2JTIxMmQyOS4wODgxODQyNTI5OTQ3OCUyMTNkNDAuOTY2MTA1MDQwOTEzODYlMjEzbTIlMjExaTEwMjQlMjEyaTc2OCUyMTRmMTMuMSUyMTNtMyUyMTFtMiUyMTFzMHgxNGNhYzczNGEzYjE0ZjRkJTI1M0EweDc5NmY5Zjc0N2UzODI4ZjIlMjEyc0RyLiUyNTIwRGlsZWslMjUyMCUyNUMzJTI1ODd1bGhhJTI1MjBBZGFyJTIxNWUwJTIxM20yJTIxMXN0ciUyMTJzdHIlMjE0djE2ODQ0Mzc0OTc2MTklMjE1bTIlMjExc3RyJTIxMnN0ciUyMiUyMHdpZHRoJTNEJTIyMTAwJTI1JTIyJTIwaGVpZ2h0JTNEJTIyNDUwJTIyJTIwc3R5bGUlM0QlMjJib3JkZXIlM0EwJTNCJTIyJTIwYWxsb3dmdWxsc2NyZWVuJTNEJTIyJTIyJTIwbG9hZGluZyUzRCUyMmxhenklMjIlMjByZWZlcnJlcnBvbGljeSUzRCUyMm5vLXJlZmVycmVyLXdoZW4tZG93bmdyYWRlJTIyJTNFJTNDJTJGaWZyYW1lJTNF[\/vc_raw_html][\/vc_column][\/vc_row]<\/p>\n<\/div>","protected":false},"excerpt":{"rendered":"<p>[vc_row full_width=&#8221;stretch_row_content_no_spaces&#8221;][vc_column][\/vc_column][\/vc_row][vc_row css=&#8221;.vc_custom_1489671841861{padding-top: 120px !important;padding-bottom: 120px !important;}&#8221;][vc_column width=&#8221;1\/3&#8243;][\/vc_column][vc_column width=&#8221;2\/3&#8243; offset=&#8221;vc_col-lg-offset-1 vc_col-lg-7 vc_col-md-offset-1 vc_col-md-7&#8243;][vc_row_inner][vc_column_inner css=&#8221;.vc_custom_1489671782877{margin-bottom: 40px !important;}&#8221;][\/vc_column_inner][\/vc_row_inner][\/vc_column][\/vc_row][vc_row full_width=&#8221;stretch_row_content_no_spaces&#8221;][vc_column][vc_raw_html]JTNDaWZyYW1lJTIwc3JjJTNEJTIyaHR0cHMlM0ElMkYlMkZ3d3cuZ29vZ2xlLmNvbSUyRm1hcHMlMkZlbWJlZCUzRnBiJTNEJTIxMW0xNCUyMTFtOCUyMTFtMyUyMTFkMTEzNzQuNDQ4MDgxMDU4MDg2JTIxMmQyOS4wODgxODQyNTI5OTQ3OCUyMTNkNDAuOTY2MTA1MDQwOTEzODYlMjEzbTIlMjExaTEwMjQlMjEyaTc2OCUyMTRmMTMuMSUyMTNtMyUyMTFtMiUyMTFzMHgxNGNhYzczNGEzYjE0ZjRkJTI1M0EweDc5NmY5Zjc0N2UzODI4ZjIlMjEyc0RyLiUyNTIwRGlsZWslMjUyMCUyNUMzJTI1ODd1bGhhJTI1MjBBZGFyJTIxNWUwJTIxM20yJTIxMXN0ciUyMTJzdHIlMjE0djE2ODQ0Mzc0OTc2MTklMjE1bTIlMjExc3RyJTIxMnN0ciUyMiUyMHdpZHRoJTNEJTIyMTAwJTI1JTIyJTIwaGVpZ2h0JTNEJTIyNDUwJTIyJTIwc3R5bGUlM0QlMjJib3JkZXIlM0EwJTNCJTIyJTIwYWxsb3dmdWxsc2NyZWVuJTNEJTIyJTIyJTIwbG9hZGluZyUzRCUyMmxhenklMjIlMjByZWZlcnJlcnBvbGljeSUzRCUyMm5vLXJlZmVycmVyLXdoZW4tZG93bmdyYWRlJTIyJTNFJTNDJTJGaWZyYW1lJTNF[\/vc_raw_html][\/vc_column][\/vc_row]<\/p>\n","protected":false},"author":1,"featured_media":0,"parent":0,"menu_order":0,"comment_status":"closed","ping_status":"closed","template":"","meta":{"footnotes":""},"class_list":["post-988","page","type-page","status-publish","hentry","blog-item"],"_links":{"self":[{"href":"https:\/\/drdilekculhaadar.com\/index.php\/wp-json\/wp\/v2\/pages\/988","targetHints":{"allow":["GET"]}}],"collection":[{"href":"https:\/\/drdilekculhaadar.com\/index.php\/wp-json\/wp\/v2\/pages"}],"about":[{"href":"https:\/\/drdilekculhaadar.com\/index.php\/wp-json\/wp\/v2\/types\/page"}],"author":[{"embeddable":true,"href":"https:\/\/drdilekculhaadar.com\/index.php\/wp-json\/wp\/v2\/users\/1"}],"replies":[{"embeddable":true,"href":"https:\/\/drdilekculhaadar.com\/index.php\/wp-json\/wp\/v2\/comments?post=988"}],"version-history":[{"count":26,"href":"https:\/\/drdilekculhaadar.com\/index.php\/wp-json\/wp\/v2\/pages\/988\/revisions"}],"predecessor-version":[{"id":2784,"href":"https:\/\/drdilekculhaadar.com\/index.php\/wp-json\/wp\/v2\/pages\/988\/revisions\/2784"}],"wp:attachment":[{"href":"https:\/\/drdilekculhaadar.com\/index.php\/wp-json\/wp\/v2\/media?parent=988"}],"curies":[{"name":"wp","href":"https:\/\/api.w.org\/{rel}","templated":true}]}}